{"id":5895,"date":"2022-06-22T15:24:22","date_gmt":"2022-06-22T13:24:22","guid":{"rendered":"https:\/\/sulpiziotartufi.it\/?post_type=product&#038;p=5895"},"modified":"2025-11-27T19:08:54","modified_gmt":"2025-11-27T18:08:54","slug":"maionese-al-tartufo","status":"publish","type":"product","link":"https:\/\/www.sulpiziotartufi.it\/en\/product\/maionese-al-tartufo\/","title":{"rendered":"Truffle Mayonnaise"},"content":{"rendered":"<p>La Maionese leggera al Tartufo senza glutine \u00e8 prodotta senza uova ed \u00e8 disponibile in vasetti da 130 gr. Unica nel suo genere, \u00e8 ideale per realizzare piatti sfiziosi e molto particolari, grazie al gusto inimitabile del Tartufo.<\/p>\n<p><strong>In the kitchen:<\/strong> ottima come condimento per il pesce, frutti di mare, pollo freddo e la carne alla brace, come salsa per tramezzini e stuzzichini o per farcire panini imbottiti. Pu\u00f2 essere spalmato su uova sode, usato come base per l&#8217;insalata russa o per accompagnare le verdure ma, l&#8217;uso che pi\u00f9 si addice alla maionese e di conseguenza anche alla maionese al tartufo \u00e8 con le patatine fritte e hamburger, per la gioia dei pi\u00f9 piccoli. Ricetta consigliata: Patatine fritte con maionese leggera al tartufo<\/p>\n<p><strong>Storage:<\/strong> dopo l\u2019apertura del vasetto, conservare in frigorifero.<\/p>\n<p><strong>Ingredients:<\/strong> sunflower oil 40%, water, sugar, acidity regulator: apple vinegar, emulsifier and thickener: modified starch, salt, black truffle (Tuber aestivum) 1%, color: beta-carotene, preservatives: potassium sorbate and sodium benzoate, flavorings, antioxidant: rosemary extract, mustard flavor. It may contain traces of milk.<\/p>","protected":false},"excerpt":{"rendered":"<p>La Maionese leggera al Tartufo senza glutine \u00e8 prodotta senza uova ed \u00e8 disponibile in vasetti da 130 gr. Unica nel suo genere, \u00e8 ideale per realizzare piatti sfiziosi e molto particolari, grazie al gusto inimitabile del Tartufo. In Cucina: ottima come condimento per il pesce, frutti di mare, pollo freddo e la carne alla [&hellip;]<\/p>","protected":false},"featured_media":5897,"comment_status":"open","ping_status":"closed","template":"","meta":[],"product_cat":[36],"product_tag":[],"class_list":{"0":"post-5895","1":"product","2":"type-product","3":"status-publish","4":"has-post-thumbnail","6":"product_cat-specialita-al-tartufo","8":"first","9":"instock","10":"taxable","11":"shipping-taxable","12":"purchasable","13":"product-type-simple"},"yoast_head":"<!-- This site is optimized with the Yoast SEO plugin v22.8 - https:\/\/yoast.com\/wordpress\/plugins\/seo\/ -->\n<title>Maionese al Tartufo - Sulpizio Tartufi<\/title>\n<meta name=\"description\" content=\"La Maionese leggera al Tartufo senza glutine \u00e8 prodotta senza uova ed \u00e8 ideale per realizzare piatti sfiziosi, grazie al gusto del Tartufo.\" \/>\n<meta name=\"robots\" content=\"index, follow, max-snippet:-1, max-image-preview:large, max-video-preview:-1\" \/>\n<link rel=\"canonical\" href=\"https:\/\/www.sulpiziotartufi.it\/en\/product\/maionese-al-tartufo\/\" \/>\n<meta property=\"og:locale\" content=\"en_US\" \/>\n<meta property=\"og:type\" content=\"article\" \/>\n<meta property=\"og:title\" content=\"Maionese al Tartufo - Sulpizio Tartufi\" \/>\n<meta property=\"og:description\" content=\"La Maionese leggera al Tartufo senza glutine \u00e8 prodotta senza uova ed \u00e8 ideale per realizzare piatti sfiziosi, grazie al gusto del Tartufo.\" \/>\n<meta property=\"og:url\" content=\"https:\/\/www.sulpiziotartufi.it\/en\/product\/maionese-al-tartufo\/\" \/>\n<meta property=\"og:site_name\" content=\"Sulpizio Tartufi\" \/>\n<meta property=\"article:publisher\" content=\"https:\/\/it-it.facebook.com\/SulpizioTartufi\/\" \/>\n<meta property=\"article:modified_time\" content=\"2025-11-27T18:08:54+00:00\" \/>\n<meta property=\"og:image\" content=\"https:\/\/www.sulpiziotartufi.it\/wp-content\/uploads\/2022\/06\/Maionese_al_Tartufo.webp\" \/>\n\t<meta property=\"og:image:width\" content=\"400\" \/>\n\t<meta property=\"og:image:height\" content=\"400\" \/>\n\t<meta property=\"og:image:type\" content=\"image\/webp\" \/>\n<meta name=\"twitter:card\" content=\"summary_large_image\" \/>\n<meta name=\"twitter:site\" content=\"@sulpiziotartufi\" \/>\n<meta name=\"twitter:label1\" content=\"Est. reading time\" \/>\n\t<meta name=\"twitter:data1\" content=\"1 minute\" \/>\n<script type=\"application\/ld+json\" class=\"yoast-schema-graph\">{\"@context\":\"https:\/\/schema.org\",\"@graph\":[{\"@type\":\"WebPage\",\"@id\":\"https:\/\/www.sulpiziotartufi.it\/prodotto\/maionese-al-tartufo\/\",\"url\":\"https:\/\/www.sulpiziotartufi.it\/prodotto\/maionese-al-tartufo\/\",\"name\":\"Maionese al Tartufo - Sulpizio Tartufi\",\"isPartOf\":{\"@id\":\"https:\/\/www.sulpiziotartufi.it\/#website\"},\"primaryImageOfPage\":{\"@id\":\"https:\/\/www.sulpiziotartufi.it\/prodotto\/maionese-al-tartufo\/#primaryimage\"},\"image\":{\"@id\":\"https:\/\/www.sulpiziotartufi.it\/prodotto\/maionese-al-tartufo\/#primaryimage\"},\"thumbnailUrl\":\"https:\/\/www.sulpiziotartufi.it\/wp-content\/uploads\/2022\/06\/Maionese_al_Tartufo.webp\",\"datePublished\":\"2022-06-22T13:24:22+00:00\",\"dateModified\":\"2025-11-27T18:08:54+00:00\",\"description\":\"La Maionese leggera al Tartufo senza glutine \u00e8 prodotta senza uova ed \u00e8 ideale per realizzare piatti sfiziosi, grazie al gusto del Tartufo.\",\"breadcrumb\":{\"@id\":\"https:\/\/www.sulpiziotartufi.it\/prodotto\/maionese-al-tartufo\/#breadcrumb\"},\"inLanguage\":\"en-US\",\"potentialAction\":[{\"@type\":\"ReadAction\",\"target\":[\"https:\/\/www.sulpiziotartufi.it\/prodotto\/maionese-al-tartufo\/\"]}]},{\"@type\":\"ImageObject\",\"inLanguage\":\"en-US\",\"@id\":\"https:\/\/www.sulpiziotartufi.it\/prodotto\/maionese-al-tartufo\/#primaryimage\",\"url\":\"https:\/\/www.sulpiziotartufi.it\/wp-content\/uploads\/2022\/06\/Maionese_al_Tartufo.webp\",\"contentUrl\":\"https:\/\/www.sulpiziotartufi.it\/wp-content\/uploads\/2022\/06\/Maionese_al_Tartufo.webp\",\"width\":400,\"height\":400,\"caption\":\"Maionese al Tartufo\"},{\"@type\":\"BreadcrumbList\",\"@id\":\"https:\/\/www.sulpiziotartufi.it\/prodotto\/maionese-al-tartufo\/#breadcrumb\",\"itemListElement\":[{\"@type\":\"ListItem\",\"position\":1,\"name\":\"Home\",\"item\":\"https:\/\/www.sulpiziotartufi.it\/\"},{\"@type\":\"ListItem\",\"position\":2,\"name\":\"Shop completo\",\"item\":\"https:\/\/www.sulpiziotartufi.it\/shop-completo\/\"},{\"@type\":\"ListItem\",\"position\":3,\"name\":\"Maionese al Tartufo\"}]},{\"@type\":\"WebSite\",\"@id\":\"https:\/\/www.sulpiziotartufi.it\/#website\",\"url\":\"https:\/\/www.sulpiziotartufi.it\/\",\"name\":\"Sulpizio Tartufi\",\"description\":\"Tartufai dal 1954\",\"publisher\":{\"@id\":\"https:\/\/www.sulpiziotartufi.it\/#organization\"},\"potentialAction\":[{\"@type\":\"SearchAction\",\"target\":{\"@type\":\"EntryPoint\",\"urlTemplate\":\"https:\/\/www.sulpiziotartufi.it\/?s={search_term_string}\"},\"query-input\":\"required name=search_term_string\"}],\"inLanguage\":\"en-US\"},{\"@type\":\"Organization\",\"@id\":\"https:\/\/www.sulpiziotartufi.it\/#organization\",\"name\":\"Sulpizio Tartufi\",\"url\":\"https:\/\/www.sulpiziotartufi.it\/\",\"logo\":{\"@type\":\"ImageObject\",\"inLanguage\":\"en-US\",\"@id\":\"https:\/\/www.sulpiziotartufi.it\/#\/schema\/logo\/image\/\",\"url\":\"https:\/\/www.sulpiziotartufi.it\/wp-content\/uploads\/2021\/07\/ancoraggiochisiamo.jpg\",\"contentUrl\":\"https:\/\/www.sulpiziotartufi.it\/wp-content\/uploads\/2021\/07\/ancoraggiochisiamo.jpg\",\"width\":1920,\"height\":1080,\"caption\":\"Sulpizio Tartufi\"},\"image\":{\"@id\":\"https:\/\/www.sulpiziotartufi.it\/#\/schema\/logo\/image\/\"},\"sameAs\":[\"https:\/\/it-it.facebook.com\/SulpizioTartufi\/\",\"https:\/\/x.com\/sulpiziotartufi\",\"https:\/\/www.instagram.com\/sulpiziotartufi\/\",\"https:\/\/www.pinterest.it\/sulpiziotartufi\/\"]}]}<\/script>\n<!-- \/ Yoast SEO plugin. -->","yoast_head_json":{"title":"Maionese al Tartufo - Sulpizio Tartufi","description":"La Maionese leggera al Tartufo senza glutine \u00e8 prodotta senza uova ed \u00e8 ideale per realizzare piatti sfiziosi, grazie al gusto del Tartufo.","robots":{"index":"index","follow":"follow","max-snippet":"max-snippet:-1","max-image-preview":"max-image-preview:large","max-video-preview":"max-video-preview:-1"},"canonical":"https:\/\/www.sulpiziotartufi.it\/en\/product\/maionese-al-tartufo\/","og_locale":"en_US","og_type":"article","og_title":"Maionese al Tartufo - Sulpizio Tartufi","og_description":"La Maionese leggera al Tartufo senza glutine \u00e8 prodotta senza uova ed \u00e8 ideale per realizzare piatti sfiziosi, grazie al gusto del Tartufo.","og_url":"https:\/\/www.sulpiziotartufi.it\/en\/product\/maionese-al-tartufo\/","og_site_name":"Sulpizio Tartufi","article_publisher":"https:\/\/it-it.facebook.com\/SulpizioTartufi\/","article_modified_time":"2025-11-27T18:08:54+00:00","og_image":[{"width":400,"height":400,"url":"https:\/\/www.sulpiziotartufi.it\/wp-content\/uploads\/2022\/06\/Maionese_al_Tartufo.webp","type":"image\/webp"}],"twitter_card":"summary_large_image","twitter_site":"@sulpiziotartufi","twitter_misc":{"Est. reading time":"1 minute"},"schema":{"@context":"https:\/\/schema.org","@graph":[{"@type":"WebPage","@id":"https:\/\/www.sulpiziotartufi.it\/prodotto\/maionese-al-tartufo\/","url":"https:\/\/www.sulpiziotartufi.it\/prodotto\/maionese-al-tartufo\/","name":"Maionese al Tartufo - Sulpizio Tartufi","isPartOf":{"@id":"https:\/\/www.sulpiziotartufi.it\/#website"},"primaryImageOfPage":{"@id":"https:\/\/www.sulpiziotartufi.it\/prodotto\/maionese-al-tartufo\/#primaryimage"},"image":{"@id":"https:\/\/www.sulpiziotartufi.it\/prodotto\/maionese-al-tartufo\/#primaryimage"},"thumbnailUrl":"https:\/\/www.sulpiziotartufi.it\/wp-content\/uploads\/2022\/06\/Maionese_al_Tartufo.webp","datePublished":"2022-06-22T13:24:22+00:00","dateModified":"2025-11-27T18:08:54+00:00","description":"La Maionese leggera al Tartufo senza glutine \u00e8 prodotta senza uova ed \u00e8 ideale per realizzare piatti sfiziosi, grazie al gusto del Tartufo.","breadcrumb":{"@id":"https:\/\/www.sulpiziotartufi.it\/prodotto\/maionese-al-tartufo\/#breadcrumb"},"inLanguage":"en-US","potentialAction":[{"@type":"ReadAction","target":["https:\/\/www.sulpiziotartufi.it\/prodotto\/maionese-al-tartufo\/"]}]},{"@type":"ImageObject","inLanguage":"en-US","@id":"https:\/\/www.sulpiziotartufi.it\/prodotto\/maionese-al-tartufo\/#primaryimage","url":"https:\/\/www.sulpiziotartufi.it\/wp-content\/uploads\/2022\/06\/Maionese_al_Tartufo.webp","contentUrl":"https:\/\/www.sulpiziotartufi.it\/wp-content\/uploads\/2022\/06\/Maionese_al_Tartufo.webp","width":400,"height":400,"caption":"Maionese al Tartufo"},{"@type":"BreadcrumbList","@id":"https:\/\/www.sulpiziotartufi.it\/prodotto\/maionese-al-tartufo\/#breadcrumb","itemListElement":[{"@type":"ListItem","position":1,"name":"Home","item":"https:\/\/www.sulpiziotartufi.it\/"},{"@type":"ListItem","position":2,"name":"Shop completo","item":"https:\/\/www.sulpiziotartufi.it\/shop-completo\/"},{"@type":"ListItem","position":3,"name":"Maionese al Tartufo"}]},{"@type":"WebSite","@id":"https:\/\/www.sulpiziotartufi.it\/#website","url":"https:\/\/www.sulpiziotartufi.it\/","name":"Sulpizio Tartufi","description":"Tartufai dal 1954","publisher":{"@id":"https:\/\/www.sulpiziotartufi.it\/#organization"},"potentialAction":[{"@type":"SearchAction","target":{"@type":"EntryPoint","urlTemplate":"https:\/\/www.sulpiziotartufi.it\/?s={search_term_string}"},"query-input":"required name=search_term_string"}],"inLanguage":"en-US"},{"@type":"Organization","@id":"https:\/\/www.sulpiziotartufi.it\/#organization","name":"Sulpizio Tartufi","url":"https:\/\/www.sulpiziotartufi.it\/","logo":{"@type":"ImageObject","inLanguage":"en-US","@id":"https:\/\/www.sulpiziotartufi.it\/#\/schema\/logo\/image\/","url":"https:\/\/www.sulpiziotartufi.it\/wp-content\/uploads\/2021\/07\/ancoraggiochisiamo.jpg","contentUrl":"https:\/\/www.sulpiziotartufi.it\/wp-content\/uploads\/2021\/07\/ancoraggiochisiamo.jpg","width":1920,"height":1080,"caption":"Sulpizio Tartufi"},"image":{"@id":"https:\/\/www.sulpiziotartufi.it\/#\/schema\/logo\/image\/"},"sameAs":["https:\/\/it-it.facebook.com\/SulpizioTartufi\/","https:\/\/x.com\/sulpiziotartufi","https:\/\/www.instagram.com\/sulpiziotartufi\/","https:\/\/www.pinterest.it\/sulpiziotartufi\/"]}]}},"_links":{"self":[{"href":"https:\/\/www.sulpiziotartufi.it\/en\/wp-json\/wp\/v2\/product\/5895"}],"collection":[{"href":"https:\/\/www.sulpiziotartufi.it\/en\/wp-json\/wp\/v2\/product"}],"about":[{"href":"https:\/\/www.sulpiziotartufi.it\/en\/wp-json\/wp\/v2\/types\/product"}],"replies":[{"embeddable":true,"href":"https:\/\/www.sulpiziotartufi.it\/en\/wp-json\/wp\/v2\/comments?post=5895"}],"wp:featuredmedia":[{"embeddable":true,"href":"https:\/\/www.sulpiziotartufi.it\/en\/wp-json\/wp\/v2\/media\/5897"}],"wp:attachment":[{"href":"https:\/\/www.sulpiziotartufi.it\/en\/wp-json\/wp\/v2\/media?parent=5895"}],"wp:term":[{"taxonomy":"product_cat","embeddable":true,"href":"https:\/\/www.sulpiziotartufi.it\/en\/wp-json\/wp\/v2\/product_cat?post=5895"},{"taxonomy":"product_tag","embeddable":true,"href":"https:\/\/www.sulpiziotartufi.it\/en\/wp-json\/wp\/v2\/product_tag?post=5895"}],"curies":[{"name":"wp","href":"https:\/\/api.w.org\/{rel}","templated":true}]}}