{"id":5898,"date":"2022-06-22T15:34:54","date_gmt":"2022-06-22T13:34:54","guid":{"rendered":"https:\/\/sulpiziotartufi.it\/?post_type=product&#038;p=5898"},"modified":"2025-11-27T19:07:19","modified_gmt":"2025-11-27T18:07:19","slug":"ketchup-al-tartufo","status":"publish","type":"product","link":"https:\/\/www.sulpiziotartufi.it\/en\/product\/ketchup-al-tartufo\/","title":{"rendered":"Truffle Ketchup"},"content":{"rendered":"<p>Il Ketchup al Tartufo Estivo<span style=\"font-weight: 400;\"> combines the typical sweet and sour taste of ketchup with the unique and inimitable taste of truffles. It is an elegant condiment in which the tomato does not clearly prevail, but it has been excellently calibrated by marrying in a truly original way the <\/span>Black Summer Truffle.<span style=\"font-weight: 400;\"> We recommend that you always keep a jar of Truffle Ketchup in the pantry.<\/span><\/p>\n<p><b>In cucina:<\/b><span style=\"font-weight: 400;\"> the particularity of this condiment allows it to be used in the kitchen to accompany many courses. It can be used in the classic dishes of the <\/span>fast e street food<span style=\"font-weight: 400;\"> such as: french fries, hot dogs and hamburgers; it is also ideal as a condiment for steaks, boiled meat, chicken, baked potatoes, cut meats and especially for grilled meat and fish.<\/span><\/p>\n<p><b>Storage: <\/b><span style=\"font-weight: 400;\">store at room temperature, in a cool and dry place; after opening the package, place in the refrigerator.<\/span><\/p>\n<p><b>Ingredients: <\/b><span style=\"font-weight: 400;\">acqua, doppio concentrato di pomodoro 30%, zucchero, regolatore di acidit\u00e0, <em><strong>aceto<\/strong><\/em> di mele, sale, addensante, <em><strong>amido<\/strong> <\/em>modificato, tartufo nero (Tuber aestivum) 1%, aromi.<\/span><\/p>\n<p>&nbsp;<\/p>","protected":false},"excerpt":{"rendered":"<p>Il Ketchup al Tartufo Estivo unisce il sapore agrodolce tipico del ketchup con il gusto unico ed inimitabile del Tartufo. E\u2019 un condimento elegante nel quale non prevale in maniera netta il pomodoro ma, \u00e8 stato ottimamente calibrato sposando in maniera davvero originale il Tartufo Nero Estivo. Consigliamo di tenere sempre un vasetto di Ketchup [&hellip;]<\/p>","protected":false},"featured_media":5900,"comment_status":"open","ping_status":"closed","template":"","meta":[],"product_cat":[36],"product_tag":[],"class_list":{"0":"post-5898","1":"product","2":"type-product","3":"status-publish","4":"has-post-thumbnail","6":"product_cat-specialita-al-tartufo","8":"first","9":"outofstock","10":"taxable","11":"shipping-taxable","12":"purchasable","13":"product-type-simple"},"yoast_head":"<!-- This site is optimized with the Yoast SEO plugin v22.8 - https:\/\/yoast.com\/wordpress\/plugins\/seo\/ -->\n<title>Ketchup al Tartufo - Sulpizio Tartufi<\/title>\n<meta name=\"description\" content=\"Il Ketchup al Tartufo Estivo unisce il sapore agrodolce tipico del ketchup con il gusto unico ed inimitabile del Tartufo. E\u2019 un condimento elegante nel quale non prevale in maniera netta il pomodoro ma, \u00e8 stato ottimamente calibrato sposando in maniera davvero originale il Tartufo Nero Estivo. Consigliamo di tenere sempre un vasetto di Ketchup al Tartufo in dispensa.Il Ketchup al Tartufo Estivo in Cucina: la particolarit\u00e0 di questo condimento consente di utilizzarlo in cucina per accompagnare tantissime portate. Pu\u00f2 essere utilizzato nei classici piatti del fast e street food come: patatine fritte, hot dog e hamburger; \u00e8 ideale anche come condimento per bistecche, bollito, pollo, patate al forno, carni tagliate e soprattutto per le grigliate di carne e di pesce.Come conservare il Ketchup al Tartufo Estivo: conservare a temperatura ambiente, in un luogo fresco ed asciutto; dopo l\u2019apertura della confezione, riporre in frigorifero.Ingredienti: acqua, doppio concentrato di pomodoro 30%, zucchero, regolatore di acidit\u00e0: aceto di mela, sale, addensante: amido modificato, tartufo nero (Tuber aestivum) 1%, aromi.Ricetta consigliata: Alette di Pollo con ketchup al Tartufo.\" \/>\n<meta name=\"robots\" content=\"index, follow, max-snippet:-1, max-image-preview:large, max-video-preview:-1\" \/>\n<link rel=\"canonical\" href=\"https:\/\/www.sulpiziotartufi.it\/en\/product\/ketchup-al-tartufo\/\" \/>\n<meta property=\"og:locale\" content=\"en_US\" \/>\n<meta property=\"og:type\" content=\"article\" \/>\n<meta property=\"og:title\" content=\"Ketchup al Tartufo - Sulpizio Tartufi\" \/>\n<meta property=\"og:description\" content=\"Il Ketchup al Tartufo Estivo unisce il sapore agrodolce tipico del ketchup con il gusto unico ed inimitabile del Tartufo. E\u2019 un condimento elegante nel quale non prevale in maniera netta il pomodoro ma, \u00e8 stato ottimamente calibrato sposando in maniera davvero originale il Tartufo Nero Estivo. Consigliamo di tenere sempre un vasetto di Ketchup al Tartufo in dispensa.Il Ketchup al Tartufo Estivo in Cucina: la particolarit\u00e0 di questo condimento consente di utilizzarlo in cucina per accompagnare tantissime portate. Pu\u00f2 essere utilizzato nei classici piatti del fast e street food come: patatine fritte, hot dog e hamburger; \u00e8 ideale anche come condimento per bistecche, bollito, pollo, patate al forno, carni tagliate e soprattutto per le grigliate di carne e di pesce.Come conservare il Ketchup al Tartufo Estivo: conservare a temperatura ambiente, in un luogo fresco ed asciutto; dopo l\u2019apertura della confezione, riporre in frigorifero.Ingredienti: acqua, doppio concentrato di pomodoro 30%, zucchero, regolatore di acidit\u00e0: aceto di mela, sale, addensante: amido modificato, tartufo nero (Tuber aestivum) 1%, aromi.Ricetta consigliata: Alette di Pollo con ketchup al Tartufo.\" \/>\n<meta property=\"og:url\" content=\"https:\/\/www.sulpiziotartufi.it\/en\/product\/ketchup-al-tartufo\/\" \/>\n<meta property=\"og:site_name\" content=\"Sulpizio Tartufi\" \/>\n<meta property=\"article:publisher\" content=\"https:\/\/it-it.facebook.com\/SulpizioTartufi\/\" \/>\n<meta property=\"article:modified_time\" content=\"2025-11-27T18:07:19+00:00\" \/>\n<meta property=\"og:image\" content=\"https:\/\/www.sulpiziotartufi.it\/wp-content\/uploads\/2022\/06\/Ketchup_al_Tartufo.webp\" \/>\n\t<meta property=\"og:image:width\" content=\"400\" \/>\n\t<meta property=\"og:image:height\" content=\"400\" \/>\n\t<meta property=\"og:image:type\" content=\"image\/webp\" \/>\n<meta name=\"twitter:card\" content=\"summary_large_image\" \/>\n<meta name=\"twitter:site\" content=\"@sulpiziotartufi\" \/>\n<meta name=\"twitter:label1\" content=\"Est. reading time\" \/>\n\t<meta name=\"twitter:data1\" content=\"1 minute\" \/>\n<script type=\"application\/ld+json\" class=\"yoast-schema-graph\">{\"@context\":\"https:\/\/schema.org\",\"@graph\":[{\"@type\":\"WebPage\",\"@id\":\"https:\/\/www.sulpiziotartufi.it\/prodotto\/ketchup-al-tartufo\/\",\"url\":\"https:\/\/www.sulpiziotartufi.it\/prodotto\/ketchup-al-tartufo\/\",\"name\":\"Ketchup al Tartufo - Sulpizio Tartufi\",\"isPartOf\":{\"@id\":\"https:\/\/www.sulpiziotartufi.it\/#website\"},\"primaryImageOfPage\":{\"@id\":\"https:\/\/www.sulpiziotartufi.it\/prodotto\/ketchup-al-tartufo\/#primaryimage\"},\"image\":{\"@id\":\"https:\/\/www.sulpiziotartufi.it\/prodotto\/ketchup-al-tartufo\/#primaryimage\"},\"thumbnailUrl\":\"https:\/\/www.sulpiziotartufi.it\/wp-content\/uploads\/2022\/06\/Ketchup_al_Tartufo.webp\",\"datePublished\":\"2022-06-22T13:34:54+00:00\",\"dateModified\":\"2025-11-27T18:07:19+00:00\",\"description\":\"Il Ketchup al Tartufo Estivo unisce il sapore agrodolce tipico del ketchup con il gusto unico ed inimitabile del Tartufo. E\u2019 un condimento elegante nel quale non prevale in maniera netta il pomodoro ma, \u00e8 stato ottimamente calibrato sposando in maniera davvero originale il Tartufo Nero Estivo. Consigliamo di tenere sempre un vasetto di Ketchup al Tartufo in dispensa.Il Ketchup al Tartufo Estivo in Cucina: la particolarit\u00e0 di questo condimento consente di utilizzarlo in cucina per accompagnare tantissime portate. Pu\u00f2 essere utilizzato nei classici piatti del fast e street food come: patatine fritte, hot dog e hamburger; \u00e8 ideale anche come condimento per bistecche, bollito, pollo, patate al forno, carni tagliate e soprattutto per le grigliate di carne e di pesce.Come conservare il Ketchup al Tartufo Estivo: conservare a temperatura ambiente, in un luogo fresco ed asciutto; dopo l\u2019apertura della confezione, riporre in frigorifero.Ingredienti: acqua, doppio concentrato di pomodoro 30%, zucchero, regolatore di acidit\u00e0: aceto di mela, sale, addensante: amido modificato, tartufo nero (Tuber aestivum) 1%, aromi.Ricetta consigliata: Alette di Pollo con ketchup al Tartufo.\",\"breadcrumb\":{\"@id\":\"https:\/\/www.sulpiziotartufi.it\/prodotto\/ketchup-al-tartufo\/#breadcrumb\"},\"inLanguage\":\"en-US\",\"potentialAction\":[{\"@type\":\"ReadAction\",\"target\":[\"https:\/\/www.sulpiziotartufi.it\/prodotto\/ketchup-al-tartufo\/\"]}]},{\"@type\":\"ImageObject\",\"inLanguage\":\"en-US\",\"@id\":\"https:\/\/www.sulpiziotartufi.it\/prodotto\/ketchup-al-tartufo\/#primaryimage\",\"url\":\"https:\/\/www.sulpiziotartufi.it\/wp-content\/uploads\/2022\/06\/Ketchup_al_Tartufo.webp\",\"contentUrl\":\"https:\/\/www.sulpiziotartufi.it\/wp-content\/uploads\/2022\/06\/Ketchup_al_Tartufo.webp\",\"width\":400,\"height\":400,\"caption\":\"Ketchup al Tartufo\"},{\"@type\":\"BreadcrumbList\",\"@id\":\"https:\/\/www.sulpiziotartufi.it\/prodotto\/ketchup-al-tartufo\/#breadcrumb\",\"itemListElement\":[{\"@type\":\"ListItem\",\"position\":1,\"name\":\"Home\",\"item\":\"https:\/\/www.sulpiziotartufi.it\/\"},{\"@type\":\"ListItem\",\"position\":2,\"name\":\"Shop completo\",\"item\":\"https:\/\/www.sulpiziotartufi.it\/shop-completo\/\"},{\"@type\":\"ListItem\",\"position\":3,\"name\":\"Ketchup al Tartufo\"}]},{\"@type\":\"WebSite\",\"@id\":\"https:\/\/www.sulpiziotartufi.it\/#website\",\"url\":\"https:\/\/www.sulpiziotartufi.it\/\",\"name\":\"Sulpizio Tartufi\",\"description\":\"Tartufai dal 1954\",\"publisher\":{\"@id\":\"https:\/\/www.sulpiziotartufi.it\/#organization\"},\"potentialAction\":[{\"@type\":\"SearchAction\",\"target\":{\"@type\":\"EntryPoint\",\"urlTemplate\":\"https:\/\/www.sulpiziotartufi.it\/?s={search_term_string}\"},\"query-input\":\"required name=search_term_string\"}],\"inLanguage\":\"en-US\"},{\"@type\":\"Organization\",\"@id\":\"https:\/\/www.sulpiziotartufi.it\/#organization\",\"name\":\"Sulpizio Tartufi\",\"url\":\"https:\/\/www.sulpiziotartufi.it\/\",\"logo\":{\"@type\":\"ImageObject\",\"inLanguage\":\"en-US\",\"@id\":\"https:\/\/www.sulpiziotartufi.it\/#\/schema\/logo\/image\/\",\"url\":\"https:\/\/www.sulpiziotartufi.it\/wp-content\/uploads\/2021\/07\/ancoraggiochisiamo.jpg\",\"contentUrl\":\"https:\/\/www.sulpiziotartufi.it\/wp-content\/uploads\/2021\/07\/ancoraggiochisiamo.jpg\",\"width\":1920,\"height\":1080,\"caption\":\"Sulpizio Tartufi\"},\"image\":{\"@id\":\"https:\/\/www.sulpiziotartufi.it\/#\/schema\/logo\/image\/\"},\"sameAs\":[\"https:\/\/it-it.facebook.com\/SulpizioTartufi\/\",\"https:\/\/x.com\/sulpiziotartufi\",\"https:\/\/www.instagram.com\/sulpiziotartufi\/\",\"https:\/\/www.pinterest.it\/sulpiziotartufi\/\"]}]}<\/script>\n<!-- \/ Yoast SEO plugin. -->","yoast_head_json":{"title":"Ketchup al Tartufo - Sulpizio Tartufi","description":"Il Ketchup al Tartufo Estivo unisce il sapore agrodolce tipico del ketchup con il gusto unico ed inimitabile del Tartufo. E\u2019 un condimento elegante nel quale non prevale in maniera netta il pomodoro ma, \u00e8 stato ottimamente calibrato sposando in maniera davvero originale il Tartufo Nero Estivo. Consigliamo di tenere sempre un vasetto di Ketchup al Tartufo in dispensa.Il Ketchup al Tartufo Estivo in Cucina: la particolarit\u00e0 di questo condimento consente di utilizzarlo in cucina per accompagnare tantissime portate. Pu\u00f2 essere utilizzato nei classici piatti del fast e street food come: patatine fritte, hot dog e hamburger; \u00e8 ideale anche come condimento per bistecche, bollito, pollo, patate al forno, carni tagliate e soprattutto per le grigliate di carne e di pesce.Come conservare il Ketchup al Tartufo Estivo: conservare a temperatura ambiente, in un luogo fresco ed asciutto; dopo l\u2019apertura della confezione, riporre in frigorifero.Ingredienti: acqua, doppio concentrato di pomodoro 30%, zucchero, regolatore di acidit\u00e0: aceto di mela, sale, addensante: amido modificato, tartufo nero (Tuber aestivum) 1%, aromi.Ricetta consigliata: Alette di Pollo con ketchup al Tartufo.","robots":{"index":"index","follow":"follow","max-snippet":"max-snippet:-1","max-image-preview":"max-image-preview:large","max-video-preview":"max-video-preview:-1"},"canonical":"https:\/\/www.sulpiziotartufi.it\/en\/product\/ketchup-al-tartufo\/","og_locale":"en_US","og_type":"article","og_title":"Ketchup al Tartufo - Sulpizio Tartufi","og_description":"Il Ketchup al Tartufo Estivo unisce il sapore agrodolce tipico del ketchup con il gusto unico ed inimitabile del Tartufo. E\u2019 un condimento elegante nel quale non prevale in maniera netta il pomodoro ma, \u00e8 stato ottimamente calibrato sposando in maniera davvero originale il Tartufo Nero Estivo. Consigliamo di tenere sempre un vasetto di Ketchup al Tartufo in dispensa.Il Ketchup al Tartufo Estivo in Cucina: la particolarit\u00e0 di questo condimento consente di utilizzarlo in cucina per accompagnare tantissime portate. Pu\u00f2 essere utilizzato nei classici piatti del fast e street food come: patatine fritte, hot dog e hamburger; \u00e8 ideale anche come condimento per bistecche, bollito, pollo, patate al forno, carni tagliate e soprattutto per le grigliate di carne e di pesce.Come conservare il Ketchup al Tartufo Estivo: conservare a temperatura ambiente, in un luogo fresco ed asciutto; dopo l\u2019apertura della confezione, riporre in frigorifero.Ingredienti: acqua, doppio concentrato di pomodoro 30%, zucchero, regolatore di acidit\u00e0: aceto di mela, sale, addensante: amido modificato, tartufo nero (Tuber aestivum) 1%, aromi.Ricetta consigliata: Alette di Pollo con ketchup al Tartufo.","og_url":"https:\/\/www.sulpiziotartufi.it\/en\/product\/ketchup-al-tartufo\/","og_site_name":"Sulpizio Tartufi","article_publisher":"https:\/\/it-it.facebook.com\/SulpizioTartufi\/","article_modified_time":"2025-11-27T18:07:19+00:00","og_image":[{"width":400,"height":400,"url":"https:\/\/www.sulpiziotartufi.it\/wp-content\/uploads\/2022\/06\/Ketchup_al_Tartufo.webp","type":"image\/webp"}],"twitter_card":"summary_large_image","twitter_site":"@sulpiziotartufi","twitter_misc":{"Est. reading time":"1 minute"},"schema":{"@context":"https:\/\/schema.org","@graph":[{"@type":"WebPage","@id":"https:\/\/www.sulpiziotartufi.it\/prodotto\/ketchup-al-tartufo\/","url":"https:\/\/www.sulpiziotartufi.it\/prodotto\/ketchup-al-tartufo\/","name":"Ketchup al Tartufo - Sulpizio Tartufi","isPartOf":{"@id":"https:\/\/www.sulpiziotartufi.it\/#website"},"primaryImageOfPage":{"@id":"https:\/\/www.sulpiziotartufi.it\/prodotto\/ketchup-al-tartufo\/#primaryimage"},"image":{"@id":"https:\/\/www.sulpiziotartufi.it\/prodotto\/ketchup-al-tartufo\/#primaryimage"},"thumbnailUrl":"https:\/\/www.sulpiziotartufi.it\/wp-content\/uploads\/2022\/06\/Ketchup_al_Tartufo.webp","datePublished":"2022-06-22T13:34:54+00:00","dateModified":"2025-11-27T18:07:19+00:00","description":"Il Ketchup al Tartufo Estivo unisce il sapore agrodolce tipico del ketchup con il gusto unico ed inimitabile del Tartufo. E\u2019 un condimento elegante nel quale non prevale in maniera netta il pomodoro ma, \u00e8 stato ottimamente calibrato sposando in maniera davvero originale il Tartufo Nero Estivo. Consigliamo di tenere sempre un vasetto di Ketchup al Tartufo in dispensa.Il Ketchup al Tartufo Estivo in Cucina: la particolarit\u00e0 di questo condimento consente di utilizzarlo in cucina per accompagnare tantissime portate. Pu\u00f2 essere utilizzato nei classici piatti del fast e street food come: patatine fritte, hot dog e hamburger; \u00e8 ideale anche come condimento per bistecche, bollito, pollo, patate al forno, carni tagliate e soprattutto per le grigliate di carne e di pesce.Come conservare il Ketchup al Tartufo Estivo: conservare a temperatura ambiente, in un luogo fresco ed asciutto; dopo l\u2019apertura della confezione, riporre in frigorifero.Ingredienti: acqua, doppio concentrato di pomodoro 30%, zucchero, regolatore di acidit\u00e0: aceto di mela, sale, addensante: amido modificato, tartufo nero (Tuber aestivum) 1%, aromi.Ricetta consigliata: Alette di Pollo con ketchup al Tartufo.","breadcrumb":{"@id":"https:\/\/www.sulpiziotartufi.it\/prodotto\/ketchup-al-tartufo\/#breadcrumb"},"inLanguage":"en-US","potentialAction":[{"@type":"ReadAction","target":["https:\/\/www.sulpiziotartufi.it\/prodotto\/ketchup-al-tartufo\/"]}]},{"@type":"ImageObject","inLanguage":"en-US","@id":"https:\/\/www.sulpiziotartufi.it\/prodotto\/ketchup-al-tartufo\/#primaryimage","url":"https:\/\/www.sulpiziotartufi.it\/wp-content\/uploads\/2022\/06\/Ketchup_al_Tartufo.webp","contentUrl":"https:\/\/www.sulpiziotartufi.it\/wp-content\/uploads\/2022\/06\/Ketchup_al_Tartufo.webp","width":400,"height":400,"caption":"Ketchup al Tartufo"},{"@type":"BreadcrumbList","@id":"https:\/\/www.sulpiziotartufi.it\/prodotto\/ketchup-al-tartufo\/#breadcrumb","itemListElement":[{"@type":"ListItem","position":1,"name":"Home","item":"https:\/\/www.sulpiziotartufi.it\/"},{"@type":"ListItem","position":2,"name":"Shop completo","item":"https:\/\/www.sulpiziotartufi.it\/shop-completo\/"},{"@type":"ListItem","position":3,"name":"Ketchup al Tartufo"}]},{"@type":"WebSite","@id":"https:\/\/www.sulpiziotartufi.it\/#website","url":"https:\/\/www.sulpiziotartufi.it\/","name":"Sulpizio Tartufi","description":"Tartufai dal 1954","publisher":{"@id":"https:\/\/www.sulpiziotartufi.it\/#organization"},"potentialAction":[{"@type":"SearchAction","target":{"@type":"EntryPoint","urlTemplate":"https:\/\/www.sulpiziotartufi.it\/?s={search_term_string}"},"query-input":"required name=search_term_string"}],"inLanguage":"en-US"},{"@type":"Organization","@id":"https:\/\/www.sulpiziotartufi.it\/#organization","name":"Sulpizio Tartufi","url":"https:\/\/www.sulpiziotartufi.it\/","logo":{"@type":"ImageObject","inLanguage":"en-US","@id":"https:\/\/www.sulpiziotartufi.it\/#\/schema\/logo\/image\/","url":"https:\/\/www.sulpiziotartufi.it\/wp-content\/uploads\/2021\/07\/ancoraggiochisiamo.jpg","contentUrl":"https:\/\/www.sulpiziotartufi.it\/wp-content\/uploads\/2021\/07\/ancoraggiochisiamo.jpg","width":1920,"height":1080,"caption":"Sulpizio Tartufi"},"image":{"@id":"https:\/\/www.sulpiziotartufi.it\/#\/schema\/logo\/image\/"},"sameAs":["https:\/\/it-it.facebook.com\/SulpizioTartufi\/","https:\/\/x.com\/sulpiziotartufi","https:\/\/www.instagram.com\/sulpiziotartufi\/","https:\/\/www.pinterest.it\/sulpiziotartufi\/"]}]}},"_links":{"self":[{"href":"https:\/\/www.sulpiziotartufi.it\/en\/wp-json\/wp\/v2\/product\/5898"}],"collection":[{"href":"https:\/\/www.sulpiziotartufi.it\/en\/wp-json\/wp\/v2\/product"}],"about":[{"href":"https:\/\/www.sulpiziotartufi.it\/en\/wp-json\/wp\/v2\/types\/product"}],"replies":[{"embeddable":true,"href":"https:\/\/www.sulpiziotartufi.it\/en\/wp-json\/wp\/v2\/comments?post=5898"}],"wp:featuredmedia":[{"embeddable":true,"href":"https:\/\/www.sulpiziotartufi.it\/en\/wp-json\/wp\/v2\/media\/5900"}],"wp:attachment":[{"href":"https:\/\/www.sulpiziotartufi.it\/en\/wp-json\/wp\/v2\/media?parent=5898"}],"wp:term":[{"taxonomy":"product_cat","embeddable":true,"href":"https:\/\/www.sulpiziotartufi.it\/en\/wp-json\/wp\/v2\/product_cat?post=5898"},{"taxonomy":"product_tag","embeddable":true,"href":"https:\/\/www.sulpiziotartufi.it\/en\/wp-json\/wp\/v2\/product_tag?post=5898"}],"curies":[{"name":"wp","href":"https:\/\/api.w.org\/{rel}","templated":true}]}}