{"id":7568,"date":"2022-08-11T12:54:30","date_gmt":"2022-08-11T10:54:30","guid":{"rendered":"https:\/\/sulpiziotartufi.it\/?post_type=product&#038;p=7568"},"modified":"2024-12-16T16:03:52","modified_gmt":"2024-12-16T15:03:52","slug":"tartufo-nero-uncinato-o-scorzone-invernale","status":"publish","type":"product","link":"https:\/\/www.sulpiziotartufi.it\/en\/product\/tartufo-nero-uncinato-o-scorzone-invernale\/","title":{"rendered":"Uncinato Black Truffle or Winter Scorzone"},"content":{"rendered":"<p class=\" translation-block\">The Uncinato Black Truffle or Winter Scorzone (Tuber Uncinatum Chatin) is very similar to the Summer Truffle, so much so that it is considered by many scholars to be a variant of it. The rind (peridium) is made up of large warts without transverse streaks, with the characteristic hook shape; once fully ripe, the pulp (gleba) reaches a more or less intense chocolate color. Its aroma is intense and aromatic, while the flavor is enveloping, able to stand out on any course.<\/p>\n<p><b>How to preserve the Uncinato Truffle or Winter Scorzone<\/b> <b>Fresco:<\/b><span style=\"font-weight: 400;\"> la conservazione pu\u00f2 avvenire in frigorifero, per brevi periodi o in congelatore per periodi pi\u00f9 lunghi:<\/span><\/p>\n<p><b>in the fridge <\/b><\/p>\n<p><span style=\"font-weight: 400;\">(between 2 \u00b0 and 6 \u00b0), individually wrapped in absorbent paper, closed inside an airtight container for food; the card must be replaced, if necessary, even every day. Small white molds will form around the truffle, deriving from the normal transpiration and loss of water of the same; in this case the truffle is not yet ruined. It can be defined as ruined, when it begins to lose its consistency, to become soft and consequently to emit a bad smell. Retention period: from 7 to 15 days approximately<\/span><\/p>\n<p><b>In the freezer:<\/b><\/p>\n<ol>\n<li><span style=\"font-weight: 400;\">a) <\/span><b>Intero<\/b><span style=\"font-weight: 400;\">: after having cleaned and dried the Fresh Uncinato Black truffle, as seen above, it can be frozen whole in a glass or plastic container for food use. In this case it must be used still frozen. Retention period: About 5 months.<\/span><\/li>\n<li class=\" translation-block\">b) In sauce: after having cleaned and dried the Fresh Truffle, as seen above, it must be ground in a saucepan with extra virgin olive oil or butter and heated. Before it boils, turn off the stove and let it cool down well. Put the sauce, according to suitable quantities to prepare a defined number of portions (eg for 4 or 5 people), in airtight containers, cover everything with extra virgin olive oil or butter and place in the freezer. Retention period: about 6 months.<\/li>\n<\/ol>\n<p class=\" translation-block\">How to cook the Uncinato Black Truffle or Fresh Winter Scorzone: clean it with a brush or a brush with not too hard bristles under running water and dry it with a dry cloth; it is advisable to keep it immersed in cold water for about 10 minutes. To be sliced \u200b\u200bwith truffle slicer on first courses, main courses or side dishes, and combined with extra virgin olive oil or with butter.Fresh truffle can be used to make many recipes.First courses do not have to be very elaborate because the aroma it must come from the truffle; it can be tasted raw or heated but not cooked to maintain its properties.<\/p>","protected":false},"excerpt":{"rendered":"<p>Disponibile in tartufi dai 20g ai 60g. Venduto in confezioni da 100g.<\/p>\n<p>NB: Si ricorda che i prodotti freschi vengono spediti solo nei giorni LUNEDI&#8217;-MARTEDI&#8217;-MERCOLEDI&#8217;<\/p>","protected":false},"featured_media":9570,"comment_status":"open","ping_status":"closed","template":"","meta":[],"product_cat":[29],"product_tag":[],"class_list":{"0":"post-7568","1":"product","2":"type-product","3":"status-publish","4":"has-post-thumbnail","6":"product_cat-tartufi-freschi","7":"product_shipping_class-express","9":"first","10":"outofstock","11":"taxable","12":"shipping-taxable","13":"purchasable","14":"product-type-variable","15":"has-default-attributes"},"yoast_head":"<!-- This site is optimized with the Yoast SEO plugin v22.8 - https:\/\/yoast.com\/wordpress\/plugins\/seo\/ -->\n<title>Tartufo Nero Uncinato o Scorzone Invernale - Sulpizio Tartufi<\/title>\n<meta name=\"description\" content=\"l Tartufo Nero Uncinato o Scorzone Invernale (Tuber Uncinatum Chatin) \u00e8 molto simile al Tartufo estivo, tanto da essere considerato da molti studiosi una sua variante. La scorza (peridio) \u00e8 costituita da grosse verruche prive di striature trasversali, con la caratteristica forma ad uncino; una volta giunto a completa maturazione, la polpa (gleba) raggiunge una colorazione cioccolato pi\u00f9 o meno intensa. Il suo profumo \u00e8 intenso ed aromatico, mentre il sapore \u00e8 avvolgente, in grado di spiccare su ogni portata.\" \/>\n<meta name=\"robots\" content=\"index, follow, max-snippet:-1, max-image-preview:large, max-video-preview:-1\" \/>\n<link rel=\"canonical\" href=\"https:\/\/www.sulpiziotartufi.it\/en\/product\/tartufo-nero-uncinato-o-scorzone-invernale\/\" \/>\n<meta property=\"og:locale\" content=\"en_US\" \/>\n<meta property=\"og:type\" content=\"article\" \/>\n<meta property=\"og:title\" content=\"Tartufo Nero Uncinato o Scorzone Invernale - Sulpizio Tartufi\" \/>\n<meta property=\"og:description\" content=\"l Tartufo Nero Uncinato o Scorzone Invernale (Tuber Uncinatum Chatin) \u00e8 molto simile al Tartufo estivo, tanto da essere considerato da molti studiosi una sua variante. La scorza (peridio) \u00e8 costituita da grosse verruche prive di striature trasversali, con la caratteristica forma ad uncino; una volta giunto a completa maturazione, la polpa (gleba) raggiunge una colorazione cioccolato pi\u00f9 o meno intensa. Il suo profumo \u00e8 intenso ed aromatico, mentre il sapore \u00e8 avvolgente, in grado di spiccare su ogni portata.\" \/>\n<meta property=\"og:url\" content=\"https:\/\/www.sulpiziotartufi.it\/en\/product\/tartufo-nero-uncinato-o-scorzone-invernale\/\" \/>\n<meta property=\"og:site_name\" content=\"Sulpizio Tartufi\" \/>\n<meta property=\"article:publisher\" content=\"https:\/\/it-it.facebook.com\/SulpizioTartufi\/\" \/>\n<meta property=\"article:modified_time\" content=\"2024-12-16T15:03:52+00:00\" \/>\n<meta property=\"og:image\" content=\"https:\/\/www.sulpiziotartufi.it\/wp-content\/uploads\/2022\/08\/DSC_5643ridotta.png\" \/>\n\t<meta property=\"og:image:width\" content=\"800\" \/>\n\t<meta property=\"og:image:height\" content=\"800\" \/>\n\t<meta property=\"og:image:type\" content=\"image\/png\" \/>\n<meta name=\"twitter:card\" content=\"summary_large_image\" \/>\n<meta name=\"twitter:site\" content=\"@sulpiziotartufi\" \/>\n<meta name=\"twitter:label1\" content=\"Est. reading time\" \/>\n\t<meta name=\"twitter:data1\" content=\"2 minutes\" \/>\n<script type=\"application\/ld+json\" class=\"yoast-schema-graph\">{\"@context\":\"https:\/\/schema.org\",\"@graph\":[{\"@type\":\"WebPage\",\"@id\":\"https:\/\/www.sulpiziotartufi.it\/prodotto\/tartufo-nero-uncinato-o-scorzone-invernale\/\",\"url\":\"https:\/\/www.sulpiziotartufi.it\/prodotto\/tartufo-nero-uncinato-o-scorzone-invernale\/\",\"name\":\"Tartufo Nero Uncinato o Scorzone Invernale - Sulpizio Tartufi\",\"isPartOf\":{\"@id\":\"https:\/\/www.sulpiziotartufi.it\/#website\"},\"primaryImageOfPage\":{\"@id\":\"https:\/\/www.sulpiziotartufi.it\/prodotto\/tartufo-nero-uncinato-o-scorzone-invernale\/#primaryimage\"},\"image\":{\"@id\":\"https:\/\/www.sulpiziotartufi.it\/prodotto\/tartufo-nero-uncinato-o-scorzone-invernale\/#primaryimage\"},\"thumbnailUrl\":\"https:\/\/www.sulpiziotartufi.it\/wp-content\/uploads\/2022\/08\/DSC_5643ridotta.png\",\"datePublished\":\"2022-08-11T10:54:30+00:00\",\"dateModified\":\"2024-12-16T15:03:52+00:00\",\"description\":\"l Tartufo Nero Uncinato o Scorzone Invernale (Tuber Uncinatum Chatin) \u00e8 molto simile al Tartufo estivo, tanto da essere considerato da molti studiosi una sua variante. La scorza (peridio) \u00e8 costituita da grosse verruche prive di striature trasversali, con la caratteristica forma ad uncino; una volta giunto a completa maturazione, la polpa (gleba) raggiunge una colorazione cioccolato pi\u00f9 o meno intensa. Il suo profumo \u00e8 intenso ed aromatico, mentre il sapore \u00e8 avvolgente, in grado di spiccare su ogni portata.\",\"breadcrumb\":{\"@id\":\"https:\/\/www.sulpiziotartufi.it\/prodotto\/tartufo-nero-uncinato-o-scorzone-invernale\/#breadcrumb\"},\"inLanguage\":\"en-US\",\"potentialAction\":[{\"@type\":\"ReadAction\",\"target\":[\"https:\/\/www.sulpiziotartufi.it\/prodotto\/tartufo-nero-uncinato-o-scorzone-invernale\/\"]}]},{\"@type\":\"ImageObject\",\"inLanguage\":\"en-US\",\"@id\":\"https:\/\/www.sulpiziotartufi.it\/prodotto\/tartufo-nero-uncinato-o-scorzone-invernale\/#primaryimage\",\"url\":\"https:\/\/www.sulpiziotartufi.it\/wp-content\/uploads\/2022\/08\/DSC_5643ridotta.png\",\"contentUrl\":\"https:\/\/www.sulpiziotartufi.it\/wp-content\/uploads\/2022\/08\/DSC_5643ridotta.png\",\"width\":800,\"height\":800},{\"@type\":\"BreadcrumbList\",\"@id\":\"https:\/\/www.sulpiziotartufi.it\/prodotto\/tartufo-nero-uncinato-o-scorzone-invernale\/#breadcrumb\",\"itemListElement\":[{\"@type\":\"ListItem\",\"position\":1,\"name\":\"Home\",\"item\":\"https:\/\/www.sulpiziotartufi.it\/\"},{\"@type\":\"ListItem\",\"position\":2,\"name\":\"Shop completo\",\"item\":\"https:\/\/www.sulpiziotartufi.it\/shop-completo\/\"},{\"@type\":\"ListItem\",\"position\":3,\"name\":\"Tartufo Nero Uncinato o Scorzone Invernale\"}]},{\"@type\":\"WebSite\",\"@id\":\"https:\/\/www.sulpiziotartufi.it\/#website\",\"url\":\"https:\/\/www.sulpiziotartufi.it\/\",\"name\":\"Sulpizio Tartufi\",\"description\":\"Tartufai dal 1954\",\"publisher\":{\"@id\":\"https:\/\/www.sulpiziotartufi.it\/#organization\"},\"potentialAction\":[{\"@type\":\"SearchAction\",\"target\":{\"@type\":\"EntryPoint\",\"urlTemplate\":\"https:\/\/www.sulpiziotartufi.it\/?s={search_term_string}\"},\"query-input\":\"required name=search_term_string\"}],\"inLanguage\":\"en-US\"},{\"@type\":\"Organization\",\"@id\":\"https:\/\/www.sulpiziotartufi.it\/#organization\",\"name\":\"Sulpizio Tartufi\",\"url\":\"https:\/\/www.sulpiziotartufi.it\/\",\"logo\":{\"@type\":\"ImageObject\",\"inLanguage\":\"en-US\",\"@id\":\"https:\/\/www.sulpiziotartufi.it\/#\/schema\/logo\/image\/\",\"url\":\"https:\/\/www.sulpiziotartufi.it\/wp-content\/uploads\/2021\/07\/ancoraggiochisiamo.jpg\",\"contentUrl\":\"https:\/\/www.sulpiziotartufi.it\/wp-content\/uploads\/2021\/07\/ancoraggiochisiamo.jpg\",\"width\":1920,\"height\":1080,\"caption\":\"Sulpizio Tartufi\"},\"image\":{\"@id\":\"https:\/\/www.sulpiziotartufi.it\/#\/schema\/logo\/image\/\"},\"sameAs\":[\"https:\/\/it-it.facebook.com\/SulpizioTartufi\/\",\"https:\/\/x.com\/sulpiziotartufi\",\"https:\/\/www.instagram.com\/sulpiziotartufi\/\",\"https:\/\/www.pinterest.it\/sulpiziotartufi\/\"]}]}<\/script>\n<!-- \/ Yoast SEO plugin. -->","yoast_head_json":{"title":"Tartufo Nero Uncinato o Scorzone Invernale - Sulpizio Tartufi","description":"l Tartufo Nero Uncinato o Scorzone Invernale (Tuber Uncinatum Chatin) \u00e8 molto simile al Tartufo estivo, tanto da essere considerato da molti studiosi una sua variante. La scorza (peridio) \u00e8 costituita da grosse verruche prive di striature trasversali, con la caratteristica forma ad uncino; una volta giunto a completa maturazione, la polpa (gleba) raggiunge una colorazione cioccolato pi\u00f9 o meno intensa. Il suo profumo \u00e8 intenso ed aromatico, mentre il sapore \u00e8 avvolgente, in grado di spiccare su ogni portata.","robots":{"index":"index","follow":"follow","max-snippet":"max-snippet:-1","max-image-preview":"max-image-preview:large","max-video-preview":"max-video-preview:-1"},"canonical":"https:\/\/www.sulpiziotartufi.it\/en\/product\/tartufo-nero-uncinato-o-scorzone-invernale\/","og_locale":"en_US","og_type":"article","og_title":"Tartufo Nero Uncinato o Scorzone Invernale - Sulpizio Tartufi","og_description":"l Tartufo Nero Uncinato o Scorzone Invernale (Tuber Uncinatum Chatin) \u00e8 molto simile al Tartufo estivo, tanto da essere considerato da molti studiosi una sua variante. La scorza (peridio) \u00e8 costituita da grosse verruche prive di striature trasversali, con la caratteristica forma ad uncino; una volta giunto a completa maturazione, la polpa (gleba) raggiunge una colorazione cioccolato pi\u00f9 o meno intensa. Il suo profumo \u00e8 intenso ed aromatico, mentre il sapore \u00e8 avvolgente, in grado di spiccare su ogni portata.","og_url":"https:\/\/www.sulpiziotartufi.it\/en\/product\/tartufo-nero-uncinato-o-scorzone-invernale\/","og_site_name":"Sulpizio Tartufi","article_publisher":"https:\/\/it-it.facebook.com\/SulpizioTartufi\/","article_modified_time":"2024-12-16T15:03:52+00:00","og_image":[{"width":800,"height":800,"url":"https:\/\/www.sulpiziotartufi.it\/wp-content\/uploads\/2022\/08\/DSC_5643ridotta.png","type":"image\/png"}],"twitter_card":"summary_large_image","twitter_site":"@sulpiziotartufi","twitter_misc":{"Est. reading time":"2 minutes"},"schema":{"@context":"https:\/\/schema.org","@graph":[{"@type":"WebPage","@id":"https:\/\/www.sulpiziotartufi.it\/prodotto\/tartufo-nero-uncinato-o-scorzone-invernale\/","url":"https:\/\/www.sulpiziotartufi.it\/prodotto\/tartufo-nero-uncinato-o-scorzone-invernale\/","name":"Tartufo Nero Uncinato o Scorzone Invernale - Sulpizio Tartufi","isPartOf":{"@id":"https:\/\/www.sulpiziotartufi.it\/#website"},"primaryImageOfPage":{"@id":"https:\/\/www.sulpiziotartufi.it\/prodotto\/tartufo-nero-uncinato-o-scorzone-invernale\/#primaryimage"},"image":{"@id":"https:\/\/www.sulpiziotartufi.it\/prodotto\/tartufo-nero-uncinato-o-scorzone-invernale\/#primaryimage"},"thumbnailUrl":"https:\/\/www.sulpiziotartufi.it\/wp-content\/uploads\/2022\/08\/DSC_5643ridotta.png","datePublished":"2022-08-11T10:54:30+00:00","dateModified":"2024-12-16T15:03:52+00:00","description":"l Tartufo Nero Uncinato o Scorzone Invernale (Tuber Uncinatum Chatin) \u00e8 molto simile al Tartufo estivo, tanto da essere considerato da molti studiosi una sua variante. La scorza (peridio) \u00e8 costituita da grosse verruche prive di striature trasversali, con la caratteristica forma ad uncino; una volta giunto a completa maturazione, la polpa (gleba) raggiunge una colorazione cioccolato pi\u00f9 o meno intensa. Il suo profumo \u00e8 intenso ed aromatico, mentre il sapore \u00e8 avvolgente, in grado di spiccare su ogni portata.","breadcrumb":{"@id":"https:\/\/www.sulpiziotartufi.it\/prodotto\/tartufo-nero-uncinato-o-scorzone-invernale\/#breadcrumb"},"inLanguage":"en-US","potentialAction":[{"@type":"ReadAction","target":["https:\/\/www.sulpiziotartufi.it\/prodotto\/tartufo-nero-uncinato-o-scorzone-invernale\/"]}]},{"@type":"ImageObject","inLanguage":"en-US","@id":"https:\/\/www.sulpiziotartufi.it\/prodotto\/tartufo-nero-uncinato-o-scorzone-invernale\/#primaryimage","url":"https:\/\/www.sulpiziotartufi.it\/wp-content\/uploads\/2022\/08\/DSC_5643ridotta.png","contentUrl":"https:\/\/www.sulpiziotartufi.it\/wp-content\/uploads\/2022\/08\/DSC_5643ridotta.png","width":800,"height":800},{"@type":"BreadcrumbList","@id":"https:\/\/www.sulpiziotartufi.it\/prodotto\/tartufo-nero-uncinato-o-scorzone-invernale\/#breadcrumb","itemListElement":[{"@type":"ListItem","position":1,"name":"Home","item":"https:\/\/www.sulpiziotartufi.it\/"},{"@type":"ListItem","position":2,"name":"Shop completo","item":"https:\/\/www.sulpiziotartufi.it\/shop-completo\/"},{"@type":"ListItem","position":3,"name":"Tartufo Nero Uncinato o Scorzone Invernale"}]},{"@type":"WebSite","@id":"https:\/\/www.sulpiziotartufi.it\/#website","url":"https:\/\/www.sulpiziotartufi.it\/","name":"Sulpizio Tartufi","description":"Tartufai dal 1954","publisher":{"@id":"https:\/\/www.sulpiziotartufi.it\/#organization"},"potentialAction":[{"@type":"SearchAction","target":{"@type":"EntryPoint","urlTemplate":"https:\/\/www.sulpiziotartufi.it\/?s={search_term_string}"},"query-input":"required name=search_term_string"}],"inLanguage":"en-US"},{"@type":"Organization","@id":"https:\/\/www.sulpiziotartufi.it\/#organization","name":"Sulpizio Tartufi","url":"https:\/\/www.sulpiziotartufi.it\/","logo":{"@type":"ImageObject","inLanguage":"en-US","@id":"https:\/\/www.sulpiziotartufi.it\/#\/schema\/logo\/image\/","url":"https:\/\/www.sulpiziotartufi.it\/wp-content\/uploads\/2021\/07\/ancoraggiochisiamo.jpg","contentUrl":"https:\/\/www.sulpiziotartufi.it\/wp-content\/uploads\/2021\/07\/ancoraggiochisiamo.jpg","width":1920,"height":1080,"caption":"Sulpizio Tartufi"},"image":{"@id":"https:\/\/www.sulpiziotartufi.it\/#\/schema\/logo\/image\/"},"sameAs":["https:\/\/it-it.facebook.com\/SulpizioTartufi\/","https:\/\/x.com\/sulpiziotartufi","https:\/\/www.instagram.com\/sulpiziotartufi\/","https:\/\/www.pinterest.it\/sulpiziotartufi\/"]}]}},"_links":{"self":[{"href":"https:\/\/www.sulpiziotartufi.it\/en\/wp-json\/wp\/v2\/product\/7568"}],"collection":[{"href":"https:\/\/www.sulpiziotartufi.it\/en\/wp-json\/wp\/v2\/product"}],"about":[{"href":"https:\/\/www.sulpiziotartufi.it\/en\/wp-json\/wp\/v2\/types\/product"}],"replies":[{"embeddable":true,"href":"https:\/\/www.sulpiziotartufi.it\/en\/wp-json\/wp\/v2\/comments?post=7568"}],"wp:featuredmedia":[{"embeddable":true,"href":"https:\/\/www.sulpiziotartufi.it\/en\/wp-json\/wp\/v2\/media\/9570"}],"wp:attachment":[{"href":"https:\/\/www.sulpiziotartufi.it\/en\/wp-json\/wp\/v2\/media?parent=7568"}],"wp:term":[{"taxonomy":"product_cat","embeddable":true,"href":"https:\/\/www.sulpiziotartufi.it\/en\/wp-json\/wp\/v2\/product_cat?post=7568"},{"taxonomy":"product_tag","embeddable":true,"href":"https:\/\/www.sulpiziotartufi.it\/en\/wp-json\/wp\/v2\/product_tag?post=7568"}],"curies":[{"name":"wp","href":"https:\/\/api.w.org\/{rel}","templated":true}]}}