{"id":9778,"date":"2024-03-04T11:24:37","date_gmt":"2024-03-04T10:24:37","guid":{"rendered":"https:\/\/www.sulpiziotartufi.it\/?post_type=product&#038;p=9778"},"modified":"2025-12-03T11:46:44","modified_gmt":"2025-12-03T10:46:44","slug":"cioccolatini-bianchi-al-tartufo","status":"publish","type":"product","link":"https:\/\/www.sulpiziotartufi.it\/en\/product\/cioccolatini-bianchi-al-tartufo\/","title":{"rendered":"Cioccolatini Bianchi al Tartufo"},"content":{"rendered":"<p>I Cioccolatini bianchi al Tartufo, incartati singolarmente, sono disponibili in confezioni da 50 gr, ciascuna delle quali contiene circa 9 cioccolatini.<\/p>\n<p>Novit\u00e0 2024, una esplosione di gusto unica. Ne verrete travolti, \u00e9 letteralmente impossibile mangiarne solo uno!<\/p>\n<p><strong>In the kitchen:<\/strong> to be served at the end of a meal or in the middle of the afternoon, accompanied by a coffee or a liqueur (brandy or grappa with truffles).<\/p>\n<p><strong>To Keep<\/strong> at room temperature in a cool and dry place, away from heat sources.<\/p>\n<p><strong>Ingredients:<\/strong> Copertura Cioccolato Bianco (40%): Zucchero, Burro di Cacao,<em> <strong>latte<\/strong><\/em> intero in polvere, emulsionante, lecitina di<em> <strong>soia<\/strong>,<\/em> aroma naturale di vaniglia.<\/p>\n<p>Ripieno (60%): zucchero, Burro Anidro, Burro di cacao, olio di semi di girasole, <em><strong>latte<\/strong> <\/em>scremato in polvere, pasta di <em><strong>mandorla<\/strong><\/em>, emulsionante, lecitina di <em><strong>soia<\/strong><\/em>, tartufo 2% (Tuber aestivum vitt e rel. gruppo), aroma al tartufo bianco, Sale.<\/p>\n<p>PRODOTTO SENZA GLUTINE<\/p>","protected":false},"excerpt":{"rendered":"<p>I Cioccolatini bianchi al Tartufo, incartati singolarmente, sono disponibili in confezioni da 50 gr, ciascuna delle quali contiene circa 9 cioccolatini. Novit\u00e0 2024, una esplosione di gusto unica. Ne verrete travolti, \u00e9 letteralmente impossibile mangiarne solo uno! In Cucina: da servire a fine pasto o a met\u00e0 pomeriggio, accompagnati da un caff\u00e8 oppure un liquore [&hellip;]<\/p>","protected":false},"featured_media":9783,"comment_status":"open","ping_status":"closed","template":"","meta":[],"product_cat":[36],"product_tag":[],"class_list":{"0":"post-9778","1":"product","2":"type-product","3":"status-publish","4":"has-post-thumbnail","6":"product_cat-specialita-al-tartufo","8":"first","9":"instock","10":"taxable","11":"shipping-taxable","12":"purchasable","13":"product-type-simple"},"yoast_head":"<!-- This site is optimized with the Yoast SEO plugin v22.8 - https:\/\/yoast.com\/wordpress\/plugins\/seo\/ -->\n<title>Cioccolatini Bianchi al Tartufo - Sulpizio Tartufi<\/title>\n<meta name=\"description\" content=\"I Cioccolatini al Tartufo Nero hanno un sapore \u00e8 davvero particolare, ottenuto mischiando il gusto del cioccolato e del Tartufo Nero.\" \/>\n<meta name=\"robots\" content=\"index, follow, max-snippet:-1, max-image-preview:large, max-video-preview:-1\" \/>\n<link rel=\"canonical\" href=\"https:\/\/www.sulpiziotartufi.it\/en\/product\/cioccolatini-bianchi-al-tartufo\/\" \/>\n<meta property=\"og:locale\" content=\"en_US\" \/>\n<meta property=\"og:type\" content=\"article\" \/>\n<meta property=\"og:title\" content=\"Cioccolatini Bianchi al Tartufo - Sulpizio Tartufi\" \/>\n<meta property=\"og:description\" content=\"I Cioccolatini al Tartufo Nero hanno un sapore \u00e8 davvero particolare, ottenuto mischiando il gusto del cioccolato e del Tartufo Nero.\" \/>\n<meta property=\"og:url\" content=\"https:\/\/www.sulpiziotartufi.it\/en\/product\/cioccolatini-bianchi-al-tartufo\/\" \/>\n<meta property=\"og:site_name\" content=\"Sulpizio Tartufi\" \/>\n<meta property=\"article:publisher\" content=\"https:\/\/it-it.facebook.com\/SulpizioTartufi\/\" \/>\n<meta property=\"article:modified_time\" content=\"2025-12-03T10:46:44+00:00\" \/>\n<meta property=\"og:image\" content=\"https:\/\/www.sulpiziotartufi.it\/wp-content\/uploads\/2024\/03\/cioccb2.png\" \/>\n\t<meta property=\"og:image:width\" content=\"1877\" \/>\n\t<meta property=\"og:image:height\" content=\"1765\" \/>\n\t<meta property=\"og:image:type\" content=\"image\/png\" \/>\n<meta name=\"twitter:card\" content=\"summary_large_image\" \/>\n<meta name=\"twitter:site\" content=\"@sulpiziotartufi\" \/>\n<meta name=\"twitter:label1\" content=\"Est. reading time\" \/>\n\t<meta name=\"twitter:data1\" content=\"1 minute\" \/>\n<script type=\"application\/ld+json\" class=\"yoast-schema-graph\">{\"@context\":\"https:\/\/schema.org\",\"@graph\":[{\"@type\":\"WebPage\",\"@id\":\"https:\/\/www.sulpiziotartufi.it\/prodotto\/cioccolatini-bianchi-al-tartufo\/\",\"url\":\"https:\/\/www.sulpiziotartufi.it\/prodotto\/cioccolatini-bianchi-al-tartufo\/\",\"name\":\"Cioccolatini Bianchi al Tartufo - Sulpizio Tartufi\",\"isPartOf\":{\"@id\":\"https:\/\/www.sulpiziotartufi.it\/#website\"},\"primaryImageOfPage\":{\"@id\":\"https:\/\/www.sulpiziotartufi.it\/prodotto\/cioccolatini-bianchi-al-tartufo\/#primaryimage\"},\"image\":{\"@id\":\"https:\/\/www.sulpiziotartufi.it\/prodotto\/cioccolatini-bianchi-al-tartufo\/#primaryimage\"},\"thumbnailUrl\":\"https:\/\/www.sulpiziotartufi.it\/wp-content\/uploads\/2024\/03\/cioccb2.png\",\"datePublished\":\"2024-03-04T10:24:37+00:00\",\"dateModified\":\"2025-12-03T10:46:44+00:00\",\"description\":\"I Cioccolatini al Tartufo Nero hanno un sapore \u00e8 davvero particolare, ottenuto mischiando il gusto del cioccolato e del Tartufo Nero.\",\"breadcrumb\":{\"@id\":\"https:\/\/www.sulpiziotartufi.it\/prodotto\/cioccolatini-bianchi-al-tartufo\/#breadcrumb\"},\"inLanguage\":\"en-US\",\"potentialAction\":[{\"@type\":\"ReadAction\",\"target\":[\"https:\/\/www.sulpiziotartufi.it\/prodotto\/cioccolatini-bianchi-al-tartufo\/\"]}]},{\"@type\":\"ImageObject\",\"inLanguage\":\"en-US\",\"@id\":\"https:\/\/www.sulpiziotartufi.it\/prodotto\/cioccolatini-bianchi-al-tartufo\/#primaryimage\",\"url\":\"https:\/\/www.sulpiziotartufi.it\/wp-content\/uploads\/2024\/03\/cioccb2.png\",\"contentUrl\":\"https:\/\/www.sulpiziotartufi.it\/wp-content\/uploads\/2024\/03\/cioccb2.png\",\"width\":1877,\"height\":1765},{\"@type\":\"BreadcrumbList\",\"@id\":\"https:\/\/www.sulpiziotartufi.it\/prodotto\/cioccolatini-bianchi-al-tartufo\/#breadcrumb\",\"itemListElement\":[{\"@type\":\"ListItem\",\"position\":1,\"name\":\"Home\",\"item\":\"https:\/\/www.sulpiziotartufi.it\/\"},{\"@type\":\"ListItem\",\"position\":2,\"name\":\"Shop completo\",\"item\":\"https:\/\/www.sulpiziotartufi.it\/shop-completo\/\"},{\"@type\":\"ListItem\",\"position\":3,\"name\":\"Cioccolatini Bianchi al Tartufo\"}]},{\"@type\":\"WebSite\",\"@id\":\"https:\/\/www.sulpiziotartufi.it\/#website\",\"url\":\"https:\/\/www.sulpiziotartufi.it\/\",\"name\":\"Sulpizio Tartufi\",\"description\":\"Tartufai dal 1954\",\"publisher\":{\"@id\":\"https:\/\/www.sulpiziotartufi.it\/#organization\"},\"potentialAction\":[{\"@type\":\"SearchAction\",\"target\":{\"@type\":\"EntryPoint\",\"urlTemplate\":\"https:\/\/www.sulpiziotartufi.it\/?s={search_term_string}\"},\"query-input\":\"required name=search_term_string\"}],\"inLanguage\":\"en-US\"},{\"@type\":\"Organization\",\"@id\":\"https:\/\/www.sulpiziotartufi.it\/#organization\",\"name\":\"Sulpizio Tartufi\",\"url\":\"https:\/\/www.sulpiziotartufi.it\/\",\"logo\":{\"@type\":\"ImageObject\",\"inLanguage\":\"en-US\",\"@id\":\"https:\/\/www.sulpiziotartufi.it\/#\/schema\/logo\/image\/\",\"url\":\"https:\/\/www.sulpiziotartufi.it\/wp-content\/uploads\/2021\/07\/ancoraggiochisiamo.jpg\",\"contentUrl\":\"https:\/\/www.sulpiziotartufi.it\/wp-content\/uploads\/2021\/07\/ancoraggiochisiamo.jpg\",\"width\":1920,\"height\":1080,\"caption\":\"Sulpizio Tartufi\"},\"image\":{\"@id\":\"https:\/\/www.sulpiziotartufi.it\/#\/schema\/logo\/image\/\"},\"sameAs\":[\"https:\/\/it-it.facebook.com\/SulpizioTartufi\/\",\"https:\/\/x.com\/sulpiziotartufi\",\"https:\/\/www.instagram.com\/sulpiziotartufi\/\",\"https:\/\/www.pinterest.it\/sulpiziotartufi\/\"]}]}<\/script>\n<!-- \/ Yoast SEO plugin. -->","yoast_head_json":{"title":"Cioccolatini Bianchi al Tartufo - Sulpizio Tartufi","description":"I Cioccolatini al Tartufo Nero hanno un sapore \u00e8 davvero particolare, ottenuto mischiando il gusto del cioccolato e del Tartufo Nero.","robots":{"index":"index","follow":"follow","max-snippet":"max-snippet:-1","max-image-preview":"max-image-preview:large","max-video-preview":"max-video-preview:-1"},"canonical":"https:\/\/www.sulpiziotartufi.it\/en\/product\/cioccolatini-bianchi-al-tartufo\/","og_locale":"en_US","og_type":"article","og_title":"Cioccolatini Bianchi al Tartufo - Sulpizio Tartufi","og_description":"I Cioccolatini al Tartufo Nero hanno un sapore \u00e8 davvero particolare, ottenuto mischiando il gusto del cioccolato e del Tartufo Nero.","og_url":"https:\/\/www.sulpiziotartufi.it\/en\/product\/cioccolatini-bianchi-al-tartufo\/","og_site_name":"Sulpizio Tartufi","article_publisher":"https:\/\/it-it.facebook.com\/SulpizioTartufi\/","article_modified_time":"2025-12-03T10:46:44+00:00","og_image":[{"width":1877,"height":1765,"url":"https:\/\/www.sulpiziotartufi.it\/wp-content\/uploads\/2024\/03\/cioccb2.png","type":"image\/png"}],"twitter_card":"summary_large_image","twitter_site":"@sulpiziotartufi","twitter_misc":{"Est. reading time":"1 minute"},"schema":{"@context":"https:\/\/schema.org","@graph":[{"@type":"WebPage","@id":"https:\/\/www.sulpiziotartufi.it\/prodotto\/cioccolatini-bianchi-al-tartufo\/","url":"https:\/\/www.sulpiziotartufi.it\/prodotto\/cioccolatini-bianchi-al-tartufo\/","name":"Cioccolatini Bianchi al Tartufo - Sulpizio Tartufi","isPartOf":{"@id":"https:\/\/www.sulpiziotartufi.it\/#website"},"primaryImageOfPage":{"@id":"https:\/\/www.sulpiziotartufi.it\/prodotto\/cioccolatini-bianchi-al-tartufo\/#primaryimage"},"image":{"@id":"https:\/\/www.sulpiziotartufi.it\/prodotto\/cioccolatini-bianchi-al-tartufo\/#primaryimage"},"thumbnailUrl":"https:\/\/www.sulpiziotartufi.it\/wp-content\/uploads\/2024\/03\/cioccb2.png","datePublished":"2024-03-04T10:24:37+00:00","dateModified":"2025-12-03T10:46:44+00:00","description":"I Cioccolatini al Tartufo Nero hanno un sapore \u00e8 davvero particolare, ottenuto mischiando il gusto del cioccolato e del Tartufo Nero.","breadcrumb":{"@id":"https:\/\/www.sulpiziotartufi.it\/prodotto\/cioccolatini-bianchi-al-tartufo\/#breadcrumb"},"inLanguage":"en-US","potentialAction":[{"@type":"ReadAction","target":["https:\/\/www.sulpiziotartufi.it\/prodotto\/cioccolatini-bianchi-al-tartufo\/"]}]},{"@type":"ImageObject","inLanguage":"en-US","@id":"https:\/\/www.sulpiziotartufi.it\/prodotto\/cioccolatini-bianchi-al-tartufo\/#primaryimage","url":"https:\/\/www.sulpiziotartufi.it\/wp-content\/uploads\/2024\/03\/cioccb2.png","contentUrl":"https:\/\/www.sulpiziotartufi.it\/wp-content\/uploads\/2024\/03\/cioccb2.png","width":1877,"height":1765},{"@type":"BreadcrumbList","@id":"https:\/\/www.sulpiziotartufi.it\/prodotto\/cioccolatini-bianchi-al-tartufo\/#breadcrumb","itemListElement":[{"@type":"ListItem","position":1,"name":"Home","item":"https:\/\/www.sulpiziotartufi.it\/"},{"@type":"ListItem","position":2,"name":"Shop completo","item":"https:\/\/www.sulpiziotartufi.it\/shop-completo\/"},{"@type":"ListItem","position":3,"name":"Cioccolatini Bianchi al Tartufo"}]},{"@type":"WebSite","@id":"https:\/\/www.sulpiziotartufi.it\/#website","url":"https:\/\/www.sulpiziotartufi.it\/","name":"Sulpizio Tartufi","description":"Tartufai dal 1954","publisher":{"@id":"https:\/\/www.sulpiziotartufi.it\/#organization"},"potentialAction":[{"@type":"SearchAction","target":{"@type":"EntryPoint","urlTemplate":"https:\/\/www.sulpiziotartufi.it\/?s={search_term_string}"},"query-input":"required name=search_term_string"}],"inLanguage":"en-US"},{"@type":"Organization","@id":"https:\/\/www.sulpiziotartufi.it\/#organization","name":"Sulpizio Tartufi","url":"https:\/\/www.sulpiziotartufi.it\/","logo":{"@type":"ImageObject","inLanguage":"en-US","@id":"https:\/\/www.sulpiziotartufi.it\/#\/schema\/logo\/image\/","url":"https:\/\/www.sulpiziotartufi.it\/wp-content\/uploads\/2021\/07\/ancoraggiochisiamo.jpg","contentUrl":"https:\/\/www.sulpiziotartufi.it\/wp-content\/uploads\/2021\/07\/ancoraggiochisiamo.jpg","width":1920,"height":1080,"caption":"Sulpizio Tartufi"},"image":{"@id":"https:\/\/www.sulpiziotartufi.it\/#\/schema\/logo\/image\/"},"sameAs":["https:\/\/it-it.facebook.com\/SulpizioTartufi\/","https:\/\/x.com\/sulpiziotartufi","https:\/\/www.instagram.com\/sulpiziotartufi\/","https:\/\/www.pinterest.it\/sulpiziotartufi\/"]}]}},"_links":{"self":[{"href":"https:\/\/www.sulpiziotartufi.it\/en\/wp-json\/wp\/v2\/product\/9778"}],"collection":[{"href":"https:\/\/www.sulpiziotartufi.it\/en\/wp-json\/wp\/v2\/product"}],"about":[{"href":"https:\/\/www.sulpiziotartufi.it\/en\/wp-json\/wp\/v2\/types\/product"}],"replies":[{"embeddable":true,"href":"https:\/\/www.sulpiziotartufi.it\/en\/wp-json\/wp\/v2\/comments?post=9778"}],"wp:featuredmedia":[{"embeddable":true,"href":"https:\/\/www.sulpiziotartufi.it\/en\/wp-json\/wp\/v2\/media\/9783"}],"wp:attachment":[{"href":"https:\/\/www.sulpiziotartufi.it\/en\/wp-json\/wp\/v2\/media?parent=9778"}],"wp:term":[{"taxonomy":"product_cat","embeddable":true,"href":"https:\/\/www.sulpiziotartufi.it\/en\/wp-json\/wp\/v2\/product_cat?post=9778"},{"taxonomy":"product_tag","embeddable":true,"href":"https:\/\/www.sulpiziotartufi.it\/en\/wp-json\/wp\/v2\/product_tag?post=9778"}],"curies":[{"name":"wp","href":"https:\/\/api.w.org\/{rel}","templated":true}]}}